{"id":8179,"date":"2021-07-02T16:08:08","date_gmt":"2021-07-02T16:08:08","guid":{"rendered":"https:\/\/www.hotelnettunocaorle.com\/?page_id=8179"},"modified":"2021-07-02T16:08:09","modified_gmt":"2021-07-02T16:08:09","slug":"privacy-newsletter","status":"publish","type":"page","link":"https:\/\/www.hotelnettunocaorle.com\/de\/privacy-newsletter\/","title":{"rendered":"Privacy newsletter"},"content":{"rendered":"[vc_row type=&#8221;in_container&#8221; full_screen_row_position=&#8221;middle&#8221; column_margin=&#8221;default&#8221; column_direction=&#8221;default&#8221; column_direction_tablet=&#8221;default&#8221; column_direction_phone=&#8221;default&#8221; scene_position=&#8221;center&#8221; text_color=&#8221;dark&#8221; text_align=&#8221;left&#8221; row_border_radius=&#8221;none&#8221; row_border_radius_applies=&#8221;bg&#8221; overlay_strength=&#8221;0.3&#8243; gradient_direction=&#8221;left_to_right&#8221; shape_divider_position=&#8221;bottom&#8221; bg_image_animation=&#8221;none&#8221;][vc_column column_padding=&#8221;no-extra-padding&#8221; column_padding_tablet=&#8221;inherit&#8221; column_padding_phone=&#8221;inherit&#8221; column_padding_position=&#8221;all&#8221; column_element_spacing=&#8221;default&#8221; background_color_opacity=&#8221;1&#8243; background_hover_color_opacity=&#8221;1&#8243; column_shadow=&#8221;none&#8221; column_border_radius=&#8221;none&#8221; column_link_target=&#8221;_self&#8221; gradient_direction=&#8221;left_to_right&#8221; overlay_strength=&#8221;0.3&#8243; width=&#8221;1\/6&#8243; tablet_width_inherit=&#8221;default&#8221; tablet_text_alignment=&#8221;default&#8221; phone_text_alignment=&#8221;default&#8221; bg_image_animation=&#8221;none&#8221; border_type=&#8221;simple&#8221; column_border_width=&#8221;none&#8221; column_border_style=&#8221;solid&#8221;][\/vc_column][vc_column column_padding=&#8221;no-extra-padding&#8221; column_padding_tablet=&#8221;inherit&#8221; column_padding_phone=&#8221;inherit&#8221; column_padding_position=&#8221;all&#8221; column_element_spacing=&#8221;default&#8221; background_color_opacity=&#8221;1&#8243; background_hover_color_opacity=&#8221;1&#8243; column_shadow=&#8221;none&#8221; column_border_radius=&#8221;none&#8221; column_link_target=&#8221;_self&#8221; gradient_direction=&#8221;left_to_right&#8221; overlay_strength=&#8221;0.3&#8243; width=&#8221;2\/3&#8243; tablet_width_inherit=&#8221;default&#8221; tablet_text_alignment=&#8221;default&#8221; phone_text_alignment=&#8221;default&#8221; bg_image_animation=&#8221;none&#8221; border_type=&#8221;simple&#8221; column_border_width=&#8221;none&#8221; column_border_style=&#8221;solid&#8221;][vc_column_text]\n<h1>Privacy Newsletter<\/h1>\n<h4><strong>Informativa sul Trattamento dei Dati Personali ai sensi del Regolamento UE n. 679\/2016 (GDPR) e delle ulteriori normative vigenti<\/strong><\/h4>\n<p>&nbsp;<\/p>\n<p>In osservanza di quanto previsto dal Regolamento UE 2016\/679 e del D. LGS. 196\/2003, cos\u00ec come novellato dal D. Lgs. 101\/2018 e relativa normativa nazionale di adeguamento, forniamo all\u2019Interessato le dovute informazioni in ordine alle finalit\u00e0 e modalit\u00e0 del trattamento dei propri dati personali per ci\u00f2 che concerne i dati rilasciati per l\u2019iscrizione alla Newsletter di questo sito, nonch\u00e9 l\u2019ambito di comunicazione e diffusione degli stessi.<\/p>\n<p>Il trattamento dei dati sar\u00e0 improntato ai principi di correttezza, liceit\u00e0 e trasparenza, limitazione delle finalit\u00e0 e della conservazione, minimizzazione, esattezza, tutela con ogni mezzo legittimo dell\u2019integrit\u00e0, riservatezza e dei diritti previsti.<\/p>\n<p>&nbsp;<\/p>\n<p><strong>Titolare del Trattamento (Responsabile e Incaricati)<\/strong><\/p>\n<p>Il Titolare del Trattamento dati \u00e8 Hotel Nettuno di Malocco Emilia Filadelfia &amp; C snc, da ora denominato Societ\u00e0, contattabile all\u2019indirizzo <a href=\"mailto:info@hotelnettunocaorle.com\">info@hotelnettunocaorle.com<\/a><\/p>\n<p>Le operazioni di trattamento saranno effettuate da Incaricati designati dal Titolare del Trattamento, i quali opereranno sotto la sua diretta autorit\u00e0 nel rispetto delle istruzioni ricevute.<\/p>\n<p>&nbsp;<\/p>\n<p><strong>Finalit\u00e0<\/strong><\/p>\n<p>Informiamo l\u2019Interessato che i dati personali volontariamente forniti e necessari all\u2019iscrizione alla Newsletter di questo sito saranno trattati dalla Societ\u00e0, in qualit\u00e0 di Titolare del Trattamento dei dati personali, esclusivamente per l\u2019attivit\u00e0 d\u2019invio di email con finalit\u00e0 informative e commerciali concernenti le novit\u00e0 e i servizi offerti dalla Societ\u00e0 e con finalit\u00e0 di legittimo interesse del Titolare del Trattamento.<\/p>\n<p>Trattamenti dei dati per finalit\u00e0 diverse da quelle qui specificate non saranno effettuati se non previo consenso esplicito dell\u2019Interessato e consegna della relativa informativa.<\/p>\n<p>&nbsp;<\/p>\n<p><strong>Natura del conferimento dei dati<\/strong><\/p>\n<p>Il conferimento dei dati \u00e8 facoltativo. Tuttavia il rifiuto dell&#8217;interessato a fornire i propri dati personali, immettendoli nel form, determiner\u00e0 per il Titolare del Trattamento l\u2019impossibilit\u00e0 di inviare le email della newsletter.<\/p>\n<p>&nbsp;<\/p>\n<p><strong>Modalit\u00e0 del Trattamento<\/strong><\/p>\n<p>I dati verranno trattati con strumenti informatici nel rispetto delle misure di sicurezza previste dalla normativa vigente.<\/p>\n<p>I dati personali volontariamente forniti dall\u2019Interessato mediante la compilazione del form on-line, in occasione della richiesta di iscrizione alla newsletter, saranno conservati nell\u2019applicativo della newsletter stessa esclusivamente per gli scopi sopra indicati.<\/p>\n<p>Ai fini del presente paragrafo, la Societ\u00e0 si impegna a osservare specifiche misure di sicurezza per prevenire la perdita dei dati, usi illeciti o non corretti e accessi non autorizzati, nel pieno rispetto delle norme di legge e dei regolamenti.<\/p>\n<p>&nbsp;<\/p>\n<p><strong>Liceit\u00e0<\/strong><\/p>\n<p>L\u2019Interessato deve esprimere il consenso al Trattamento dei propri dati personali per le finalit\u00e0 previste per poter ricevere la newsletter.<\/p>\n<p>&nbsp;<\/p>\n<p><strong>Comunicazione dei dati a terzi<\/strong><\/p>\n<p>Per la fornitura di questo servizio lavoriamo con fornitori esterni, anche esteri, che utilizzano server farm dedicate ubicate in Italia e in EU. Suddetti fornitori operano nel rispetto del GDPR e sono dalla Societ\u00e0 autorizzati a utilizzare i dati raccolti e trattati esclusivamente per la finalit\u00e0 di questa informativa e solo per l\u2019esecuzione dell\u2019ordine inoltrato.<\/p>\n<p>&nbsp;<\/p>\n<p><strong>Tempi della conservazione<\/strong><\/p>\n<p>I dati saranno archiviati e trattati per le finalit\u00e0 qui previste finch\u00e9 l\u2019Interessato non negher\u00e0 il consenso cancellandosi dalla newsletter attraverso il link apposito \u201ccancellati dalla newsletter\u201d presente in ogni email della newsletter inviatagli.<\/p>\n<p>&nbsp;<\/p>\n<p><strong>Diritti dell\u2019Interessato<\/strong><\/p>\n<p>L&#8217;interessato ha diritto di:<\/p>\n<ul>\n<li>Ottenere conferma dell\u2019esistenza, contenuto e provenienza di dati personali che lo riguardano, anche se non ancora registrati, e la loro comunicazione senza ritardo in forma intelligibile.<\/li>\n<li>Richiedere informazioni, per iscritto, sui suoi dati personali da noi memorizzati (es: origine, finalit\u00e0, modalit\u00e0, categorie, logica applicata, periodo di conservazione, diritti, dati identificativi del Titolare del Trattamento, soggetti o categorie a cui possono essere comunicati i dati).<\/li>\n<li>Revocare il consenso al trattamento dei suoi dati.<\/li>\n<li>Cancellare i suoi dati.<\/li>\n<li>Trasformare e\/o limitare o bloccare i dati trattati in violazione di legge.<\/li>\n<li>Aggiornare, rettificare o integrare i suoi dati.<\/li>\n<li>Ottenere i suoi dati personali, forniti al Titolare del Trattamento, in modo da poterli trasmettere ad altro Titolare del Trattamento.<\/li>\n<li>Avere l\u2019attestazione che le operazioni predette sono state portate a conoscenza di coloro ai quali i dati sono stati comunicati, eccettuato il caso in cui tale adempimento si riveli impossibile o comporti un impiego di mezzi sproporzionato rispetto al diritto tutelato;<\/li>\n<li>Opporsi, in tutto o in parte, per motivi legittimi, al trattamento dei dati personali che lo riguardano, ancorch\u00e9 pertinenti allo scopo della raccolta.<\/li>\n<li>Proporre reclamo all\u2019Autorit\u00e0 Garante per la Privacy (&nbsp;<a href=\"http:\/\/www.garanteprivacy.it\/\" target=\"_blank\" rel=\"noopener\">garanteprivacy.it<\/a>&nbsp;).<\/li>\n<\/ul>\n<p>Per ulteriori informazioni sui diritti sulla privacy invitiamo l\u2019Interessato a visitare il sito web dell\u2019Autorit\u00e0 Garante:&nbsp;<a href=\"http:\/\/www.garanteprivacy.it\/\" target=\"_blank\" rel=\"noopener\">www.garanteprivacy.it<\/a>&nbsp;.[\/vc_column_text][\/vc_column][vc_column column_padding=&#8221;no-extra-padding&#8221; column_padding_tablet=&#8221;inherit&#8221; column_padding_phone=&#8221;inherit&#8221; column_padding_position=&#8221;all&#8221; column_element_spacing=&#8221;default&#8221; background_color_opacity=&#8221;1&#8243; background_hover_color_opacity=&#8221;1&#8243; column_shadow=&#8221;none&#8221; column_border_radius=&#8221;none&#8221; column_link_target=&#8221;_self&#8221; gradient_direction=&#8221;left_to_right&#8221; overlay_strength=&#8221;0.3&#8243; width=&#8221;1\/6&#8243; tablet_width_inherit=&#8221;default&#8221; tablet_text_alignment=&#8221;default&#8221; phone_text_alignment=&#8221;default&#8221; bg_image_animation=&#8221;none&#8221; border_type=&#8221;simple&#8221; column_border_width=&#8221;none&#8221; column_border_style=&#8221;solid&#8221;][\/vc_column][\/vc_row][vc_row type=&#8221;in_container&#8221; full_screen_row_position=&#8221;middle&#8221; column_margin=&#8221;default&#8221; column_direction=&#8221;default&#8221; column_direction_tablet=&#8221;default&#8221; column_direction_phone=&#8221;default&#8221; scene_position=&#8221;center&#8221; text_color=&#8221;dark&#8221; text_align=&#8221;left&#8221; row_border_radius=&#8221;none&#8221; row_border_radius_applies=&#8221;bg&#8221; overlay_strength=&#8221;0.3&#8243; gradient_direction=&#8221;left_to_right&#8221; shape_divider_position=&#8221;bottom&#8221; bg_image_animation=&#8221;none&#8221;][vc_column column_padding=&#8221;no-extra-padding&#8221; column_padding_tablet=&#8221;inherit&#8221; column_padding_phone=&#8221;inherit&#8221; column_padding_position=&#8221;all&#8221; column_element_spacing=&#8221;default&#8221; background_color_opacity=&#8221;1&#8243; background_hover_color_opacity=&#8221;1&#8243; column_shadow=&#8221;none&#8221; column_border_radius=&#8221;none&#8221; column_link_target=&#8221;_self&#8221; gradient_direction=&#8221;left_to_right&#8221; overlay_strength=&#8221;0.3&#8243; width=&#8221;1\/1&#8243; tablet_width_inherit=&#8221;default&#8221; tablet_text_alignment=&#8221;default&#8221; phone_text_alignment=&#8221;default&#8221; bg_image_animation=&#8221;none&#8221; border_type=&#8221;simple&#8221; column_border_width=&#8221;none&#8221; column_border_style=&#8221;solid&#8221;][nectar_global_section id=&#8221;6340&#8243;][\/vc_column][\/vc_row]\n","protected":false},"excerpt":{"rendered":"<p>[vc_row type=&#8221;in_container&#8221; full_screen_row_position=&#8221;middle&#8221; column_margin=&#8221;default&#8221; column_direction=&#8221;default&#8221; column_direction_tablet=&#8221;default&#8221; column_direction_phone=&#8221;default&#8221; scene_position=&#8221;center&#8221; text_color=&#8221;dark&#8221; text_align=&#8221;left&#8221; row_border_radius=&#8221;none&#8221; row_border_radius_applies=&#8221;bg&#8221; overlay_strength=&#8221;0.3&#8243; gradient_direction=&#8221;left_to_right&#8221; shape_divider_position=&#8221;bottom&#8221; bg_image_animation=&#8221;none&#8221;][vc_column column_padding=&#8221;no-extra-padding&#8221; column_padding_tablet=&#8221;inherit&#8221; column_padding_phone=&#8221;inherit&#8221; column_padding_position=&#8221;all&#8221; column_element_spacing=&#8221;default&#8221; background_color_opacity=&#8221;1&#8243; background_hover_color_opacity=&#8221;1&#8243; column_shadow=&#8221;none&#8221; column_border_radius=&#8221;none&#8221; column_link_target=&#8221;_self&#8221; gradient_direction=&#8221;left_to_right&#8221; overlay_strength=&#8221;0.3&#8243; width=&#8221;1\/6&#8243; tablet_width_inherit=&#8221;default&#8221;&#8230;<\/p>\n","protected":false},"author":1,"featured_media":0,"parent":0,"menu_order":0,"comment_status":"closed","ping_status":"open","template":"","meta":{"wp_mapbox_gl_js_media":[]},"_links":{"self":[{"href":"https:\/\/www.hotelnettunocaorle.com\/de\/wp-json\/wp\/v2\/pages\/8179"}],"collection":[{"href":"https:\/\/www.hotelnettunocaorle.com\/de\/wp-json\/wp\/v2\/pages"}],"about":[{"href":"https:\/\/www.hotelnettunocaorle.com\/de\/wp-json\/wp\/v2\/types\/page"}],"author":[{"embeddable":true,"href":"https:\/\/www.hotelnettunocaorle.com\/de\/wp-json\/wp\/v2\/users\/1"}],"replies":[{"embeddable":true,"href":"https:\/\/www.hotelnettunocaorle.com\/de\/wp-json\/wp\/v2\/comments?post=8179"}],"version-history":[{"count":1,"href":"https:\/\/www.hotelnettunocaorle.com\/de\/wp-json\/wp\/v2\/pages\/8179\/revisions"}],"predecessor-version":[{"id":8181,"href":"https:\/\/www.hotelnettunocaorle.com\/de\/wp-json\/wp\/v2\/pages\/8179\/revisions\/8181"}],"wp:attachment":[{"href":"https:\/\/www.hotelnettunocaorle.com\/de\/wp-json\/wp\/v2\/media?parent=8179"}],"curies":[{"name":"wp","href":"https:\/\/api.w.org\/{rel}","templated":true}]}}